{"id":133,"date":"2023-12-04T13:27:28","date_gmt":"2023-12-04T13:27:28","guid":{"rendered":"https:\/\/ur.reigenn.sorbonne-universite.fr\/?page_id=133"},"modified":"2024-11-20T12:38:20","modified_gmt":"2024-11-20T12:38:20","slug":"elans-laboratoire-junior","status":"publish","type":"page","link":"https:\/\/reigenn.sorbonne-universite.fr\/?page_id=133","title":{"rendered":"\u00c9lans &#8211; Laboratoire Junior"},"content":{"rendered":"\n<h1 class=\"wp-block-heading\">\u00c9lans \u2013 Laboratoire Junior<\/h1>\n\n\n\n<p><strong>\u00c9lans<\/strong> &#8211; Laboratoire Junior en cultures, civilisations et litt\u00e9ratures germaniques, nordiques et n\u00e9erlandophones est rattach\u00e9 \u00e0 l\u2019UR 3556 REIGENN, au sein de l\u2019ED4 \u00e0 Sorbonne Universit\u00e9. Intrins\u00e8quement transdisciplinaire, <strong>\u00c9lans<\/strong> rassemble les jeunes chercheurs (doctorants, post-doctorants) en \u00e9tudes germaniques, nordiques et n\u00e9erlandophones et ses invit\u00e9s (masterants, chercheurs ext\u00e9rieurs \u00e0 l\u2019UR) travaillant sur les m\u00eames probl\u00e9matiques de recherche de l&rsquo;UR 3556<strong> REIGENN<\/strong>.<\/p>\n\n\n\n<p><strong>\u00c9lans<\/strong> organise tout au long de l&rsquo;ann\u00e9e des rencontres, table-ronde, s\u00e9minaires ou journ\u00e9e d&rsquo;\u00e9tude.&nbsp;Le Laboratoire Junior a \u00e9galement une activit\u00e9 de publication et de veille sur son carnet : <\/p>\n\n\n\n<p><a href=\"https:\/\/elans.hypotheses.org\">https:\/\/elans.hypotheses.org<\/a>.<\/p>\n\n\n\n<p>Contact : <a href=\"mailto:elans.reigenn@gmail.com\">elans.reigenn@gmail.com<\/a><\/p>\n","protected":false},"excerpt":{"rendered":"<p>\u00c9lans \u2013 Laboratoire Junior \u00c9lans &#8211; Laboratoire Junior en cultures, civilisations et litt\u00e9ratures germaniques, nordiques et n\u00e9erlandophones est rattach\u00e9 \u00e0 l\u2019UR 3556 REIGENN, au sein de l\u2019ED4 \u00e0 Sorbonne Universit\u00e9. Intrins\u00e8quement transdisciplinaire, \u00c9lans rassemble&#46;&#46;&#46;<\/p>\n","protected":false},"author":5,"featured_media":0,"parent":0,"menu_order":0,"comment_status":"closed","ping_status":"closed","template":"","meta":{"footnotes":""},"class_list":["post-133","page","type-page","status-publish","hentry"],"_links":{"self":[{"href":"https:\/\/reigenn.sorbonne-universite.fr\/index.php?rest_route=\/wp\/v2\/pages\/133","targetHints":{"allow":["GET"]}}],"collection":[{"href":"https:\/\/reigenn.sorbonne-universite.fr\/index.php?rest_route=\/wp\/v2\/pages"}],"about":[{"href":"https:\/\/reigenn.sorbonne-universite.fr\/index.php?rest_route=\/wp\/v2\/types\/page"}],"author":[{"embeddable":true,"href":"https:\/\/reigenn.sorbonne-universite.fr\/index.php?rest_route=\/wp\/v2\/users\/5"}],"replies":[{"embeddable":true,"href":"https:\/\/reigenn.sorbonne-universite.fr\/index.php?rest_route=%2Fwp%2Fv2%2Fcomments&post=133"}],"version-history":[{"count":7,"href":"https:\/\/reigenn.sorbonne-universite.fr\/index.php?rest_route=\/wp\/v2\/pages\/133\/revisions"}],"predecessor-version":[{"id":373,"href":"https:\/\/reigenn.sorbonne-universite.fr\/index.php?rest_route=\/wp\/v2\/pages\/133\/revisions\/373"}],"wp:attachment":[{"href":"https:\/\/reigenn.sorbonne-universite.fr\/index.php?rest_route=%2Fwp%2Fv2%2Fmedia&parent=133"}],"curies":[{"name":"wp","href":"https:\/\/api.w.org\/{rel}","templated":true}]}}