{"id":336,"date":"2024-11-19T09:52:08","date_gmt":"2024-11-19T09:52:08","guid":{"rendered":"https:\/\/ur.reigenn.sorbonne-universite.fr\/?page_id=336"},"modified":"2024-11-25T13:55:02","modified_gmt":"2024-11-25T13:55:02","slug":"les-projets","status":"publish","type":"page","link":"https:\/\/reigenn.sorbonne-universite.fr\/?page_id=336","title":{"rendered":"Projets"},"content":{"rendered":"\n<p><\/p>\n\n\n\n<h2 class=\"wp-block-heading\">Projets en cours<\/h2>\n\n\n\n<div class=\"wp-block-columns is-layout-flex wp-container-core-columns-is-layout-9d6595d7 wp-block-columns-is-layout-flex\">\n<div class=\"wp-block-column is-layout-flow wp-block-column-is-layout-flow\" style=\"flex-basis:33.33%\">\n<figure class=\"wp-block-image size-large\"><img decoding=\"async\" src=\"https:\/\/reigenn.sorbonne-universite.fr\/wp-content\/uploads\/2024\/11\/archives_manquantes.jpeg\" alt=\"\"\/><\/figure>\n<\/div>\n\n\n\n<div class=\"wp-block-column is-layout-flow wp-block-column-is-layout-flow\" style=\"flex-basis:66.66%\">\n<h3 class=\"wp-block-heading\">Archives manquantes<\/h3>\n\n\n\n<p><a href=\"https:\/\/reigenn.hypotheses.org\/category\/projets\/projet-archives\">https:\/\/reigenn.hypotheses.org\/category\/projets\/projet-archives<\/a><\/p>\n\n\n\n<p>Organisation: Jean-Fran\u00e7ois Lapl\u00e9nie, Agathe Mareuge, B\u00e9n\u00e9dicte Terrisse<\/p>\n<\/div>\n<\/div>\n\n\n\n<p><strong>Actualit\u00e9s du projet :<\/strong><\/p>\n\n\n<ul class=\"wp-block-rss\"><li class='wp-block-rss__item'><div class='wp-block-rss__item-title'><a href='https:\/\/reigenn.hypotheses.org\/3263'>[S\u00e9minaire Archives manquantes \u2013 Saison 2 #4] Nicole Haitzinger: \u201cLe registre de l\u2019\u201dexotique\u201d dans les archives de danse de la modernit\u00e9 en France et dans l\u2019espace germanophone. \u00c0 propos de la pertinence d\u2019une mise en perspective d\u00e9coloniale.\u201d (Maison de la Recherche &amp; zoom, 14 juin 2024)<\/a><\/div><\/li><li class='wp-block-rss__item'><div class='wp-block-rss__item-title'><a href='https:\/\/reigenn.hypotheses.org\/3155'>[S\u00e9minaire Archives manquantes \u2013 Saison 2 #3] Val\u00e9rie Carr\u00e9: \u201cLa R\u00e9volution de 1918-1919 au prisme des bandes d\u2019actualit\u00e9.\u201d (Maison de la Recherche &amp; zoom, 22 mars 2024)<\/a><\/div><\/li><li class='wp-block-rss__item'><div class='wp-block-rss__item-title'><a href='https:\/\/reigenn.hypotheses.org\/2978'>[S\u00e9minaire Archives manquantes \u2013 Saison 2 #2] B\u00e9n\u00e9dicte Grailles: \u201cArchives manquantes ou manque d\u2019archives?\u201d (Nantes &amp; zoom, 2 f\u00e9vrier 2024)<\/a><\/div><\/li><li class='wp-block-rss__item'><div class='wp-block-rss__item-title'><a href='https:\/\/reigenn.hypotheses.org\/2617'>[S\u00e9minaire Archives manquantes \u2013 Saison 2 #1] Marie-Th\u00e9r\u00e8se Mourey: Des archives immat\u00e9rielles? Le cas de la danse (Maison de la Recherche &amp; zoom, 8 d\u00e9cembre 2023)<\/a><\/div><\/li><li class='wp-block-rss__item'><div class='wp-block-rss__item-title'><a href='https:\/\/reigenn.hypotheses.org\/2739'>S\u00e9minaire: \u201cArchives manquantes?\u201d, saison 2 (org. J.-F. Lapl\u00e9nie, A. Mareuge &amp; B. Terrisse)<\/a><\/div><\/li><\/ul>\n\n\n<hr class=\"wp-block-separator has-alpha-channel-opacity\"\/>\n\n\n\n<p><\/p>\n\n\n\n<p><\/p>\n\n\n\n<div class=\"wp-block-columns is-layout-flex wp-container-core-columns-is-layout-9d6595d7 wp-block-columns-is-layout-flex\">\n<div class=\"wp-block-column is-layout-flow wp-block-column-is-layout-flow\" style=\"flex-basis:33.33%\">\n<figure class=\"wp-block-image size-large\"><img decoding=\"async\" src=\"https:\/\/reigenn.sorbonne-universite.fr\/wp-content\/uploads\/2024\/11\/canfac-1024x610.png\" alt=\"\"\/><\/figure>\n<\/div>\n\n\n\n<div class=\"wp-block-column is-layout-flow wp-block-column-is-layout-flow\" style=\"flex-basis:66.66%\">\n<h3 class=\"wp-block-heading\">Canon Factory<\/h3>\n\n\n\n<p><a href=\"https:\/\/canfac.sorbonne-universite.fr\/\">https:\/\/canfac.sorbonne-universite.fr\/<\/a><\/p>\n\n\n\n<p>Canon Factory est un projet interdisciplinaire port\u00e9 par Kim Andringa (REIGENN UR 3556) et Guillaume Fourcade (VALE UR 4085). Il est laur\u00e9at du dispositif \u00c9mergence de Sorbonne Universit\u00e9 (2023-2025).<\/p>\n<\/div>\n<\/div>\n\n\n\n<p><strong>Actualit\u00e9s du projet :<\/strong><\/p>\n\n\n<div class=\"wprss_ajax\" data-id=\"rssf8881d151f\"><img loading=\"lazy\" decoding=\"async\" src=\"https:\/\/reigenn.sorbonne-universite.fr\/wp-content\/plugins\/wp-rss-retriever\/inc\/imgs\/ajax-loader.gif\" alt=\"Loading RSS Feed\" width=\"16\" height=\"16\"><\/div>\n\n\n\n<hr class=\"wp-block-separator has-alpha-channel-opacity\"\/>\n\n\n\n<p><\/p>\n\n\n\n<div class=\"wp-block-columns is-layout-flex wp-container-core-columns-is-layout-9d6595d7 wp-block-columns-is-layout-flex\">\n<div class=\"wp-block-column is-layout-flow wp-block-column-is-layout-flow\" style=\"flex-basis:33.33%\">\n<figure class=\"wp-block-image size-large\"><img decoding=\"async\" src=\"https:\/\/reigenn.sorbonne-universite.fr\/wp-content\/uploads\/2024\/11\/vv-1024x574.png\" alt=\"\"\/><\/figure>\n<\/div>\n\n\n\n<div class=\"wp-block-column is-layout-flow wp-block-column-is-layout-flow\" style=\"flex-basis:66.66%\">\n<p><\/p>\n\n\n\n<h3 class=\"wp-block-heading\" id=\"block-f68217c9-7a40-4a08-b4f0-985c4db35573\">Vice et Vertu dans les pays nordiques et germaniques<\/h3>\n\n\n\n<p><a href=\"https:\/\/vv.hypotheses.org\/\">https:\/\/vv.hypotheses.org\/<\/a><\/p>\n\n\n\n<p>\u201cVice et Vertu\u201d est un projet de recherches franco-nordique pluriannuel (2023-2030) port\u00e9 par les universit\u00e9s d\u2019Oslo, de la Sorbonne, de Caen, de Turku et d\u2019Ume\u00e5.<\/p>\n<\/div>\n<\/div>\n\n\n\n<p><strong>Actualit\u00e9s du projet :<\/strong><\/p>\n\n\n<ul class=\"wp-block-rss\"><li class='wp-block-rss__item'><div class='wp-block-rss__item-title'><a href='https:\/\/vv.hypotheses.org\/786'>Programme JE Sexe(s) et sexualit\u00e9(s)<\/a><\/div><\/li><li class='wp-block-rss__item'><div class='wp-block-rss__item-title'><a href='https:\/\/vv.hypotheses.org\/762'>Call for Papers : Sexual Values in the Nordics and Beyond<\/a><\/div><\/li><li class='wp-block-rss__item'><div class='wp-block-rss__item-title'><a href='https:\/\/vv.hypotheses.org\/747'>La fin du 1er volet!<\/a><\/div><\/li><li class='wp-block-rss__item'><div class='wp-block-rss__item-title'><a href='https:\/\/vv.hypotheses.org\/700'>S\u00e9minaire 6 \u2013 2023\/2024<\/a><\/div><\/li><li class='wp-block-rss__item'><div class='wp-block-rss__item-title'><a href='https:\/\/vv.hypotheses.org\/688'>S\u00e9minaire 5 \u2013 2023\/2024<\/a><\/div><\/li><\/ul>","protected":false},"excerpt":{"rendered":"<p>Projets en cours Archives manquantes https:\/\/reigenn.hypotheses.org\/category\/projets\/projet-archives Organisation: Jean-Fran\u00e7ois Lapl\u00e9nie, Agathe Mareuge, B\u00e9n\u00e9dicte Terrisse Actualit\u00e9s du projet : Canon Factory https:\/\/canfac.sorbonne-universite.fr\/ Canon Factory est un projet interdisciplinaire port\u00e9 par Kim Andringa (REIGENN UR 3556) et&#46;&#46;&#46;<\/p>\n","protected":false},"author":5,"featured_media":0,"parent":0,"menu_order":0,"comment_status":"closed","ping_status":"closed","template":"","meta":{"footnotes":""},"class_list":["post-336","page","type-page","status-publish","hentry"],"_links":{"self":[{"href":"https:\/\/reigenn.sorbonne-universite.fr\/index.php?rest_route=\/wp\/v2\/pages\/336","targetHints":{"allow":["GET"]}}],"collection":[{"href":"https:\/\/reigenn.sorbonne-universite.fr\/index.php?rest_route=\/wp\/v2\/pages"}],"about":[{"href":"https:\/\/reigenn.sorbonne-universite.fr\/index.php?rest_route=\/wp\/v2\/types\/page"}],"author":[{"embeddable":true,"href":"https:\/\/reigenn.sorbonne-universite.fr\/index.php?rest_route=\/wp\/v2\/users\/5"}],"replies":[{"embeddable":true,"href":"https:\/\/reigenn.sorbonne-universite.fr\/index.php?rest_route=%2Fwp%2Fv2%2Fcomments&post=336"}],"version-history":[{"count":16,"href":"https:\/\/reigenn.sorbonne-universite.fr\/index.php?rest_route=\/wp\/v2\/pages\/336\/revisions"}],"predecessor-version":[{"id":468,"href":"https:\/\/reigenn.sorbonne-universite.fr\/index.php?rest_route=\/wp\/v2\/pages\/336\/revisions\/468"}],"wp:attachment":[{"href":"https:\/\/reigenn.sorbonne-universite.fr\/index.php?rest_route=%2Fwp%2Fv2%2Fmedia&parent=336"}],"curies":[{"name":"wp","href":"https:\/\/api.w.org\/{rel}","templated":true}]}}