{"id":40,"date":"2023-12-01T21:17:55","date_gmt":"2023-12-01T21:17:55","guid":{"rendered":"https:\/\/ur.reigenn.sorbonne-universite.fr\/?page_id=40"},"modified":"2024-11-25T15:37:39","modified_gmt":"2024-11-25T15:37:39","slug":"accueil","status":"publish","type":"page","link":"https:\/\/reigenn.sorbonne-universite.fr\/","title":{"rendered":"Accueil"},"content":{"rendered":"\n<div class=\"wp-block-columns is-layout-flex wp-container-core-columns-is-layout-9d6595d7 wp-block-columns-is-layout-flex\">\n<div class=\"wp-block-column is-layout-flow wp-block-column-is-layout-flow\" style=\"flex-basis:66.66%\"><\/div>\n\n\n\n<div class=\"wp-block-column is-layout-flow wp-block-column-is-layout-flow\" style=\"flex-basis:33.33%\"><\/div>\n<\/div>\n\n\n\n<div class=\"wp-block-columns is-layout-flex wp-container-core-columns-is-layout-9d6595d7 wp-block-columns-is-layout-flex\">\n<div class=\"wp-block-column is-layout-flow wp-block-column-is-layout-flow\">\n<div class=\"wp-block-columns is-layout-flex wp-container-core-columns-is-layout-9d6595d7 wp-block-columns-is-layout-flex\">\n<div class=\"wp-block-column is-layout-flow wp-block-column-is-layout-flow\">\n<figure class=\"wp-block-image size-large\"><a href=\"https:\/\/reigenn.sorbonne-universite.fr\/?page_id=86\"><img decoding=\"async\" src=\"https:\/\/reigenn.sorbonne-universite.fr\/wp-content\/uploads\/2023\/12\/allemande-3.jpg\" alt=\"\"\/><\/a><\/figure>\n\n\n\n<h4 class=\"wp-block-heading\"><\/h4>\n<\/div>\n\n\n\n<div class=\"wp-block-column is-layout-flow wp-block-column-is-layout-flow\">\n<figure class=\"wp-block-image size-large\"><a href=\"https:\/\/reigenn.sorbonne-universite.fr\/?page_id=88\"><img decoding=\"async\" src=\"https:\/\/reigenn.sorbonne-universite.fr\/wp-content\/uploads\/2023\/12\/nordique-2.jpg\" alt=\"\"\/><\/a><\/figure>\n\n\n\n<h4 class=\"wp-block-heading\"><\/h4>\n<\/div>\n<\/div>\n<\/div>\n\n\n\n<div class=\"wp-block-column is-layout-flow wp-block-column-is-layout-flow\">\n<div class=\"wp-block-columns is-layout-flex wp-container-core-columns-is-layout-9d6595d7 wp-block-columns-is-layout-flex\">\n<div class=\"wp-block-column is-layout-flow wp-block-column-is-layout-flow\">\n<figure class=\"wp-block-image size-large\"><a href=\"https:\/\/reigenn.sorbonne-universite.fr\/?page_id=90\"><img decoding=\"async\" src=\"https:\/\/reigenn.sorbonne-universite.fr\/wp-content\/uploads\/2023\/12\/neerlando-1.jpg\" alt=\"\"\/><\/a><\/figure>\n\n\n\n<h4 class=\"wp-block-heading\"><strong> <\/strong><\/h4>\n<\/div>\n\n\n\n<div class=\"wp-block-column is-layout-flow wp-block-column-is-layout-flow\">\n<figure class=\"wp-block-image size-large\"><a href=\"https:\/\/reigenn.sorbonne-universite.fr\/?page_id=92\"><img decoding=\"async\" src=\"https:\/\/reigenn.sorbonne-universite.fr\/wp-content\/uploads\/2023\/12\/transversales-1.jpg\" alt=\"\"\/><\/a><\/figure>\n\n\n\n<h4 class=\"wp-block-heading\"><\/h4>\n<\/div>\n<\/div>\n<\/div>\n<\/div>\n\n\n\n<blockquote class=\"wp-block-quote is-layout-flow wp-block-quote-is-layout-flow\">\n<p><strong>Repr\u00e9sentations et identit\u00e9s. Espaces germanique, nordique et n\u00e9erlandophone<\/strong> &#8211; <strong>REIGENN<\/strong><\/p>\n\n\n\n<p>L&rsquo;UR 3556, REIGENN, rattach\u00e9e \u00e0 l&rsquo;\u00e9cole Doctorale IV de la Facult\u00e9 des Lettres de Sorbonne Universit\u00e9 (Civilisations, cultures, litt\u00e9ratures et soci\u00e9t\u00e9s), regroupe des chercheurs sp\u00e9cialistes des aires culturelles germanophone, nordique et n\u00e9erlandophone.&nbsp;Les principes g\u00e9n\u00e9raux de son activit\u00e9 scientifique reposent sur l&rsquo;\u00e9tude des \u00ab Repr\u00e9sentations \u00bb et des \u00ab Identit\u00e9s \u00bb dans les trois espaces culturels de r\u00e9f\u00e9rence, sans oublier les espaces multiculturels tels que l&rsquo;Autriche ou les anciennes provinces orientales de l\u2019espace germanophone, Sil\u00e9sie, Boh\u00eame ou Prusse orientale, ou encore les anciennes colonies.<\/p>\n<\/blockquote>\n\n\n\n<div class=\"wp-block-columns is-layout-flex wp-container-core-columns-is-layout-9d6595d7 wp-block-columns-is-layout-flex\">\n<div class=\"wp-block-column is-layout-flow wp-block-column-is-layout-flow\"><\/div>\n<\/div>\n\n\n\n<div class=\"wp-block-columns is-layout-flex wp-container-core-columns-is-layout-9d6595d7 wp-block-columns-is-layout-flex\">\n<div class=\"wp-block-column is-layout-flow wp-block-column-is-layout-flow\">\n<h2 class=\"wp-block-heading\">Actualit\u00e9s<\/h2>\n\n\n\n<h3 class=\"wp-block-heading\">Manifestations<\/h3>\n<\/div>\n<\/div>\n\n\n\n<div class=\"wp-block-group\"><div class=\"wp-block-group__inner-container is-layout-constrained wp-block-group-is-layout-constrained\"><ul class=\"wp-block-rss\"><li class='wp-block-rss__item'><div class='wp-block-rss__item-title'><a href='https:\/\/reigenn.hypotheses.org\/3925'>[Table-ronde]\u00a0 Judith Schalansky, oder: Das Buch als Ged\u00e4chtnis der Welt (Berlin, 21 janvier 2026)<\/a><\/div><\/li><li class='wp-block-rss__item'><div class='wp-block-rss__item-title'><a href='https:\/\/reigenn.hypotheses.org\/3778'>[CanFac]\u00a0Colloque: Feu sur le canon (Paris, 19-21 juin 2025) \u00a0<\/a><\/div><\/li><li class='wp-block-rss__item'><div class='wp-block-rss__item-title'><a href='https:\/\/reigenn.hypotheses.org\/3717'>[JE : Vice&amp;Vertu 2 : Sexe(s) et sexualit\u00e9(s)]<\/a><\/div><\/li><li class='wp-block-rss__item'><div class='wp-block-rss__item-title'><a href='https:\/\/reigenn.hypotheses.org\/3641'>[CanFac] Cinqui\u00e8me journ\u00e9e du projet \u201cCanon Factory\u201d (CanFac) (1\u00a7 novembre 2024, Campus P. et M. Curie)<\/a><\/div><\/li><li class='wp-block-rss__item'><div class='wp-block-rss__item-title'><a href='https:\/\/reigenn.hypotheses.org\/3377'>[Colloque Joachim Trier : Urban Memories], 14 &amp; 15 novembre 2024<\/a><\/div><\/li><\/ul><\/div><\/div>\n\n\n\n<h3 class=\"wp-block-heading\">Appels \u00e0 contributions<\/h3>\n\n\n<ul class=\"wp-block-rss\"><li class='wp-block-rss__item'><div class='wp-block-rss__item-title'><a href='https:\/\/reigenn.hypotheses.org\/3695'>[CanFac]\u00a0[AaC\/CfP] Appel \u00e0 communications: Feu sur le canon (Paris, 19-21 juin 2025), d\u00e9lai 16 d\u00e9cembre 2024 \u00a0<\/a><\/div><\/li><li class='wp-block-rss__item'><div class='wp-block-rss__item-title'><a href='https:\/\/reigenn.hypotheses.org\/2370'>[Appel \u00e0 contributions\/CfP] [V&amp;V] Boire dans les pays nordiques et germaniques (12-14 juin 2024, Sorbonne Universit\u00e9)<\/a><\/div><\/li><li class='wp-block-rss__item'><div class='wp-block-rss__item-title'><a href='https:\/\/reigenn.hypotheses.org\/2015'>[AaC\/CfP] Judith\u00a0Schalansky ou le livre, m\u00e9moire du monde (Paris, 18-19 janvier 2024), d\u00e9lai: 30 avril 2023<\/a><\/div><\/li><li class='wp-block-rss__item'><div class='wp-block-rss__item-title'><a href='https:\/\/reigenn.hypotheses.org\/1187'>[Projet Genre &amp; avant-gardes] Appel \u00e0 communications: \u201cAvant-gardes au prisme du genre dans l\u2019espace germanophone depuis 1945\u201d (31\/03\/2023)<\/a><\/div><\/li><li class='wp-block-rss__item'><div class='wp-block-rss__item-title'><a href='https:\/\/reigenn.hypotheses.org\/1103'>[AAC\/CfP] Habiter l\u2019inhabitable (15 octobre 2022)<\/a><\/div><\/li><\/ul>\n\n\n<p><\/p>\n\n\n\n<h3 class=\"wp-block-heading\"> Parutions<\/h3>\n\n\n<ul class=\"wp-block-rss\"><li class='wp-block-rss__item'><div class='wp-block-rss__item-title'><a href='https:\/\/reigenn.hypotheses.org\/3803'>[Parution] M. Covindassamy, A. Mareuge, B. Terrisse (dir.), Judith Schalansky oder Das Buch als Ged\u00e4chtnis der Welt. Ein Reader, M\u00e4rz Verlag, 2025<\/a><\/div><\/li><li class='wp-block-rss__item'><div class='wp-block-rss__item-title'><a href='https:\/\/reigenn.hypotheses.org\/3814'>[Parution] [Genre &amp; avant-gardes]\u00a0S. B\u00f6hmisch, C. Chamayou-Kuhn, S. Goepper, A. Mareuge et \u00c9. Petit (dir.), Avant-gardes au prisme du genre de 1945 \u00e0 nos jours: esth\u00e9tiques, m\u00e9moires, actualit\u00e9, Cahiers d\u2019\u00e9tudes germaniques 88 (2025)<\/a><\/div><\/li><li class='wp-block-rss__item'><div class='wp-block-rss__item-title'><a href='https:\/\/reigenn.hypotheses.org\/3738'>Parution : Peter\u00a0Andersen,\u00a0Fr\u00e9d\u00e9rique\u00a0Harry,\u00a0Simon\u00a0Lebouteiller,\u00a0Caroline\u00a0Olsson,\u00a0Christian\u00a0Bank\u00a0Pedersen\u00a0et\u00a0Jules\u00a0Piet (dir.) : Sous le signe de Saxo\u00a0\u2013 histoire, identit\u00e9 et nation dans la\u00a0Geste des Danois (2024)<\/a><\/div><\/li><li class='wp-block-rss__item'><div class='wp-block-rss__item-title'><a href='https:\/\/reigenn.hypotheses.org\/3471'>Parutions \u00e0 l\u2019occasion de l\u2019Ann\u00e9e Kafka<\/a><\/div><\/li><li class='wp-block-rss__item'><div class='wp-block-rss__item-title'><a href='https:\/\/reigenn.hypotheses.org\/3023'>Parution: D. Meyer &amp; E. Rothmund (dir.): Der Drei\u00dfigj\u00e4hrige Krieg in Literatur und Kunst im 20. u. 21. Jahrhundert (2023)<\/a><\/div><\/li><\/ul>\n\n\n<div class=\"wp-block-columns is-layout-flex wp-container-core-columns-is-layout-9d6595d7 wp-block-columns-is-layout-flex\">\n<div class=\"wp-block-column is-layout-flow wp-block-column-is-layout-flow\"><\/div>\n<\/div>\n\n\n\n<h2 class=\"wp-block-heading\">Carnets de recherches<\/h2>\n\n\n\n<div class=\"wp-block-columns is-layout-flex wp-container-core-columns-is-layout-9d6595d7 wp-block-columns-is-layout-flex\">\n<div class=\"wp-block-column is-layout-flow wp-block-column-is-layout-flow\">\n<p><a href=\"https:\/\/reigenn.hypotheses.org\/\">https:\/\/reigenn.hypotheses.org\/<\/a><\/p>\n<\/div>\n\n\n\n<div class=\"wp-block-column is-layout-flow wp-block-column-is-layout-flow\">\n<p><a href=\"https:\/\/elans.hypotheses.org\/\">https:\/\/elans.hypotheses.org\/<\/a><\/p>\n<\/div>\n<\/div>\n","protected":false},"excerpt":{"rendered":"<p>Repr\u00e9sentations et identit\u00e9s. Espaces germanique, nordique et n\u00e9erlandophone &#8211; REIGENN L&rsquo;UR 3556, REIGENN, rattach\u00e9e \u00e0 l&rsquo;\u00e9cole Doctorale IV de la Facult\u00e9 des Lettres de Sorbonne Universit\u00e9 (Civilisations, cultures, litt\u00e9ratures et soci\u00e9t\u00e9s), regroupe des chercheurs&#46;&#46;&#46;<\/p>\n","protected":false},"author":5,"featured_media":0,"parent":0,"menu_order":0,"comment_status":"closed","ping_status":"closed","template":"","meta":{"footnotes":""},"class_list":["post-40","page","type-page","status-publish","hentry"],"_links":{"self":[{"href":"https:\/\/reigenn.sorbonne-universite.fr\/index.php?rest_route=\/wp\/v2\/pages\/40","targetHints":{"allow":["GET"]}}],"collection":[{"href":"https:\/\/reigenn.sorbonne-universite.fr\/index.php?rest_route=\/wp\/v2\/pages"}],"about":[{"href":"https:\/\/reigenn.sorbonne-universite.fr\/index.php?rest_route=\/wp\/v2\/types\/page"}],"author":[{"embeddable":true,"href":"https:\/\/reigenn.sorbonne-universite.fr\/index.php?rest_route=\/wp\/v2\/users\/5"}],"replies":[{"embeddable":true,"href":"https:\/\/reigenn.sorbonne-universite.fr\/index.php?rest_route=%2Fwp%2Fv2%2Fcomments&post=40"}],"version-history":[{"count":38,"href":"https:\/\/reigenn.sorbonne-universite.fr\/index.php?rest_route=\/wp\/v2\/pages\/40\/revisions"}],"predecessor-version":[{"id":470,"href":"https:\/\/reigenn.sorbonne-universite.fr\/index.php?rest_route=\/wp\/v2\/pages\/40\/revisions\/470"}],"wp:attachment":[{"href":"https:\/\/reigenn.sorbonne-universite.fr\/index.php?rest_route=%2Fwp%2Fv2%2Fmedia&parent=40"}],"curies":[{"name":"wp","href":"https:\/\/api.w.org\/{rel}","templated":true}]}}