{"id":88,"date":"2023-12-04T08:19:27","date_gmt":"2023-12-04T08:19:27","guid":{"rendered":"https:\/\/ur.reigenn.sorbonne-universite.fr\/?page_id=88"},"modified":"2024-11-14T14:48:58","modified_gmt":"2024-11-14T14:48:58","slug":"etudes-nordiques","status":"publish","type":"page","link":"https:\/\/reigenn.sorbonne-universite.fr\/?page_id=88","title":{"rendered":"\u00c9tudes nordiques"},"content":{"rendered":"\n<h2 class=\"wp-block-heading\">\u00c9tudes nordiques<\/h2>\n\n\n\n<p><\/p>\n\n\n\n<div class=\"wp-block-columns is-layout-flex wp-container-core-columns-is-layout-9d6595d7 wp-block-columns-is-layout-flex\">\n<div class=\"wp-block-column is-layout-flow wp-block-column-is-layout-flow\" style=\"flex-basis:66.66%\">\n<p>Les \u00e9tudes nordiques portent sur les repr\u00e9sentations de l&rsquo;identit\u00e9 scandinave et nordique dans ces pays (Danemark, Islande, Norv\u00e8ge, Su\u00e8de + Finlande) et en Europe (notamment en Europe du Nord, dans l&rsquo;espace de la Baltique). Les th\u00e8mes abord\u00e9s y sont vari\u00e9s, mais aussi f\u00e9d\u00e9rateurs ; ils tiennent compte des diversit\u00e9s nationales et de l&rsquo;\u00e9talement dans une large diachronie, le pass\u00e9 m\u00e9di\u00e9val tenant une place essentiel dans la litt\u00e9rature et la culture des pays nordiques \u00e0 l&rsquo;\u00e9poque contemporaine. Les \u00e9tudes sont de type \u00e0 la fois litt\u00e9raire (litt\u00e9rature norroise et sagas, Strindberg et la modernit\u00e9 litt\u00e9raire), historique (les Vikings), sociologique et religieux (pratiques associatives de la culture populaire, engagement des femmes, conflits entre culture, politique et religion), et accordent une large place \u00e0 l&rsquo;imagologie.<\/p>\n<\/div>\n\n\n\n<div class=\"wp-block-column is-layout-flow wp-block-column-is-layout-flow\" style=\"flex-basis:33.33%\"><div class=\"wp-block-image\">\n<figure class=\"alignright size-full is-resized\"><img loading=\"lazy\" decoding=\"async\" src=\"https:\/\/ur.reigenn.sorbonne-universite.fr\/wp-content\/uploads\/2023\/12\/nordique-2.jpg\" alt=\"\" class=\"wp-image-236\" width=\"225\" height=\"231\" srcset=\"https:\/\/reigenn.sorbonne-universite.fr\/wp-content\/uploads\/2023\/12\/nordique-2.jpg 640w, https:\/\/reigenn.sorbonne-universite.fr\/wp-content\/uploads\/2023\/12\/nordique-2-291x300.jpg 291w\" sizes=\"auto, (max-width: 225px) 100vw, 225px\" \/><\/figure><\/div><\/div>\n<\/div>\n","protected":false},"excerpt":{"rendered":"<p>\u00c9tudes nordiques Les \u00e9tudes nordiques portent sur les repr\u00e9sentations de l&rsquo;identit\u00e9 scandinave et nordique dans ces pays (Danemark, Islande, Norv\u00e8ge, Su\u00e8de + Finlande) et en Europe (notamment en Europe du Nord, dans l&rsquo;espace de&#46;&#46;&#46;<\/p>\n","protected":false},"author":5,"featured_media":0,"parent":0,"menu_order":0,"comment_status":"closed","ping_status":"closed","template":"","meta":{"footnotes":""},"class_list":["post-88","page","type-page","status-publish","hentry"],"_links":{"self":[{"href":"https:\/\/reigenn.sorbonne-universite.fr\/index.php?rest_route=\/wp\/v2\/pages\/88","targetHints":{"allow":["GET"]}}],"collection":[{"href":"https:\/\/reigenn.sorbonne-universite.fr\/index.php?rest_route=\/wp\/v2\/pages"}],"about":[{"href":"https:\/\/reigenn.sorbonne-universite.fr\/index.php?rest_route=\/wp\/v2\/types\/page"}],"author":[{"embeddable":true,"href":"https:\/\/reigenn.sorbonne-universite.fr\/index.php?rest_route=\/wp\/v2\/users\/5"}],"replies":[{"embeddable":true,"href":"https:\/\/reigenn.sorbonne-universite.fr\/index.php?rest_route=%2Fwp%2Fv2%2Fcomments&post=88"}],"version-history":[{"count":5,"href":"https:\/\/reigenn.sorbonne-universite.fr\/index.php?rest_route=\/wp\/v2\/pages\/88\/revisions"}],"predecessor-version":[{"id":289,"href":"https:\/\/reigenn.sorbonne-universite.fr\/index.php?rest_route=\/wp\/v2\/pages\/88\/revisions\/289"}],"wp:attachment":[{"href":"https:\/\/reigenn.sorbonne-universite.fr\/index.php?rest_route=%2Fwp%2Fv2%2Fmedia&parent=88"}],"curies":[{"name":"wp","href":"https:\/\/api.w.org\/{rel}","templated":true}]}}